{"id":1466,"date":"2020-11-26T17:00:00","date_gmt":"2020-11-26T17:00:00","guid":{"rendered":"http:\/\/wpa.tecnico.ulisboa.pt\/~wpa.daemon\/?page_id=1466"},"modified":"2022-09-06T00:00:42","modified_gmt":"2022-09-06T00:00:42","slug":"comite-externo","status":"publish","type":"page","link":"https:\/\/wpa.tecnico.ulisboa.pt\/~wpa.daemon\/es\/comite-externo\/","title":{"rendered":"Comit\u00e9 Externo"},"content":{"rendered":"\n<p><strong>Denis Gillet<\/strong> recibi\u00f3 el Diploma en Ingenier\u00eda El\u00e9ctrica del Instituto Federal Suizo de Tecnolog\u00eda de Lausana (EPFL) en 1988 y el Ph.D. Licenciado en Sistemas de Informaci\u00f3n tambi\u00e9n por la EPFL en 1995. Durante 1992 fue nombrado Research Fellow en el Laboratorio de Sistemas de Informaci\u00f3n de la Universidad de Stanford en Estados Unidos. Actualmente es Ma\u00eetre d&#8217;Enseignement et de Recherche en la Escuela de Ingenier\u00eda EPFL, donde dirige el grupo de investigaci\u00f3n multidisciplinario React. Sus intereses de investigaci\u00f3n actuales incluyen Tecnolog\u00edas de Aprendizaje Mejorado (TEL), Interacci\u00f3n Humano Computadora (HCI), Interacci\u00f3n de Dispositivos Humanos (HDI) y Coordinaci\u00f3n \u00d3ptima de Sistemas Complejos y Distribuidos. Durante el a\u00f1o acad\u00e9mico 2005-2006 estuvo de licencia sab\u00e1tica como profesor visitante en la Facultad de Ingenier\u00eda de la Universidad China de Hong Kong. Entre 2011 y 2013, fue profesor invitado en la Escuela de Ingenier\u00eda de Software de la Universidad de Tongji. Denis Gillet est\u00e1 afiliado a la EPFL con el Centro de Transporte y el Centro de Educaci\u00f3n Digital.<\/p>\n\n\n\n<p><strong>Nilson Marcos Dias Garcia<\/strong> es licenciado en F\u00edsica de la Universidade Federal do Paran\u00e1, licenciado en Ingenier\u00eda de Operaciones &#8211; Construcci\u00f3n Civil por el Centro Federal de Educa\u00e7\u00e3o Tecnol\u00f3gica do Paran\u00e1, Master en Ense\u00f1anza de las Ciencias &#8211; modalidad F\u00edsica y Doctor en Educaci\u00f3n, ambos por la Universidade de S\u00e3o Paulo. Ha sido profesor de f\u00edsica en bachillerato en instituciones p\u00fablicas y privadas. En 1976 ingres\u00f3 al entonces CEFET-PR (actual UTFPR) como profesor de f\u00edsica en el Departamento Acad\u00e9mico de F\u00edsica y a partir de 1997 tambi\u00e9n pas\u00f3 a actuar como profesor e investigador en el programa de Posgrado en Tecnolog\u00eda y Sociedad, de la misma Universidad, donde orienta investigaciones sobre temas relacionados con la educaci\u00f3n profesional y la formaci\u00f3n para el trabajo. Tambi\u00e9n es profesor acreditado, desde 2003, en el programa de posgrado en educaci\u00f3n de la Universidade Federal do Paran\u00e1, donde orienta investigaciones sobre la ense\u00f1anza de la f\u00edsica. Es uno de los l\u00edderes del grupo de estudios e investigaciones en did\u00e1ctica de la f\u00edsica (GEPEF). Adem\u00e1s de la docencia y la investigaci\u00f3n, ha sido jefe del Departamento Acad\u00e9mico de F\u00edsica y participante de varios cuerpos colegiados, incluido el consejo universitario. Participa en la Sociedad Brasile\u00f1a de F\u00edsica: fue miembro de la Comisi\u00f3n Docente; se desempe\u00f1\u00f3 en la junta como Secretario General, y actualmente es miembro del comit\u00e9 del \u00c4rea de Investigaci\u00f3n en Ense\u00f1anza de la F\u00edsica y asesor suplente electo de la Sociedade Brasileira de F\u00edsica. Es coordinador de la Escuela de F\u00edsica del CERN desde 2009. Sus intereses de investigaci\u00f3n se centran en la naturaleza e importancia del saber escolar y de los libros de texto, principalmente de f\u00edsica, para la escuela regular y para la formaci\u00f3n profesional.<\/p>\n","protected":false},"excerpt":{"rendered":"<p>Denis Gillet recibi\u00f3 el Diploma en Ingenier\u00eda El\u00e9ctrica del Instituto Federal Suizo de Tecnolog\u00eda de Lausana (EPFL) en 1988 y el Ph.D. Licenciado en Sistemas de Informaci\u00f3n tambi\u00e9n por la EPFL en 1995. Durante 1992 fue nombrado Research Fellow en el Laboratorio de Sistemas de Informaci\u00f3n de la Universidad de Stanford en Estados Unidos. Actualmente&hellip; <a class=\"more-link\" href=\"https:\/\/wpa.tecnico.ulisboa.pt\/~wpa.daemon\/es\/comite-externo\/\">Continue reading <span class=\"screen-reader-text\">Comit\u00e9 Externo<\/span><\/a><\/p>\n","protected":false},"author":14,"featured_media":0,"parent":0,"menu_order":0,"comment_status":"closed","ping_status":"closed","template":"","meta":[],"_links":{"self":[{"href":"https:\/\/wpa.tecnico.ulisboa.pt\/~wpa.daemon\/wp-json\/wp\/v2\/pages\/1466"}],"collection":[{"href":"https:\/\/wpa.tecnico.ulisboa.pt\/~wpa.daemon\/wp-json\/wp\/v2\/pages"}],"about":[{"href":"https:\/\/wpa.tecnico.ulisboa.pt\/~wpa.daemon\/wp-json\/wp\/v2\/types\/page"}],"author":[{"embeddable":true,"href":"https:\/\/wpa.tecnico.ulisboa.pt\/~wpa.daemon\/wp-json\/wp\/v2\/users\/14"}],"replies":[{"embeddable":true,"href":"https:\/\/wpa.tecnico.ulisboa.pt\/~wpa.daemon\/wp-json\/wp\/v2\/comments?post=1466"}],"version-history":[{"count":3,"href":"https:\/\/wpa.tecnico.ulisboa.pt\/~wpa.daemon\/wp-json\/wp\/v2\/pages\/1466\/revisions"}],"predecessor-version":[{"id":2702,"href":"https:\/\/wpa.tecnico.ulisboa.pt\/~wpa.daemon\/wp-json\/wp\/v2\/pages\/1466\/revisions\/2702"}],"wp:attachment":[{"href":"https:\/\/wpa.tecnico.ulisboa.pt\/~wpa.daemon\/wp-json\/wp\/v2\/media?parent=1466"}],"curies":[{"name":"wp","href":"https:\/\/api.w.org\/{rel}","templated":true}]}}