{"id":1904,"date":"2021-08-03T18:43:31","date_gmt":"2021-08-03T18:43:31","guid":{"rendered":"https:\/\/wpa.tecnico.ulisboa.pt\/~wpa.daemon\/?page_id=1904"},"modified":"2022-07-05T15:02:59","modified_gmt":"2022-07-05T15:02:59","slug":"quienes-somos","status":"publish","type":"page","link":"https:\/\/wpa.tecnico.ulisboa.pt\/~wpa.daemon\/es\/quienes-somos\/","title":{"rendered":"\u00bfQui\u00e9nes somos?"},"content":{"rendered":"\n<p>El proyecto World pendulum Alliance (WP @ ELAB) es una iniciativa de tres a\u00f1os aprobada para su financiaci\u00f3n en el marco deEuropean Commission\u2019s Erasmus+ \u2013 KA2 Cooperation for Innovation and the Exchange of Good Practices \u2013 Capacity Building in the Field fo Higher Education. El proyecto est\u00e1 coordinado por IST, Instituto Superior T\u00e9cnico &#8211; Universidade de Lisboa (Lisboa, Portugal).<\/p>\n\n\n\n<p>WP@ELAB tiene como objetivo mejorar la calidad de la educaci\u00f3n superior, en los campos de las matem\u00e1ticas y las ciencias, mediante el despliegue de una red global de experimentos remotos.<\/p>\n\n\n\n<p>Como objetivos espec\u00edficos, podemos designar:<\/p>\n\n\n\n<ul class=\"block-editor-rich-text__editable editor-rich-text__editable\"><li>Configurar la red World Pendulum Alliance<\/li><li>Proporcionar actividades de formaci\u00f3n para el desarrollo de capacidades sobre el uso de nuevos recursos de aprendizaje: experimentos remotos.<\/li><li>Promover la cooperaci\u00f3n entre la UE y los pa\u00edses socios.<\/li><li>Creaci\u00f3n de MOOC relacionados con el experimento del P\u00e9ndulo Mundial al servicio de la educaci\u00f3n en ciencias, matem\u00e1ticas y TIC<\/li><li>Lanzamiento de un kit de herramientas para experimentos remotos, promoviendo el desarrollo y la educaci\u00f3n en metodolog\u00edas TIC<\/li><li>Contribuyendo al desarrollo de Laboratorios Remotos<\/li><\/ul>\n\n\n\n<div class=\"foto_individual visible\" style=\"background-image: url('https:\/\/wpa.tecnico.ulisboa.pt\/~wpa.daemon\/wp-content\/uploads\/2019\/09\/pendu.png')\"><\/div>\n\n\n\n<p>El proyecto alcanzar\u00e1 estos objetivos mediante el despliegue de una red compartida internacional operada y explotada por todas las IES de la UE y los pa\u00edses socios. El Proyecto est\u00e1 altamente relacionado con las herramientas de aprendizaje tecnol\u00f3gico de las IES, los contenidos de acceso p\u00fablico abierto y atractivo para el desarrollo de hardware, microprocesadores y software. Se har\u00e1 hincapi\u00e9 en el v\u00ednculo de las metodolog\u00edas y los enfoques pedag\u00f3gicos con las pr\u00e1cticas basadas en las TIC. El despliegue del p\u00e9ndulo no se limita a las IES, puede incluir escuelas secundarias, museos y otros espacios p\u00fablicos, respondiendo de esta manera a una clara necesidad que tienen los pa\u00edses de Latinoam\u00e9rica de incrementar los conocimientos de los estudiantes en ciencias y matem\u00e1ticas.<\/p>\n","protected":false},"excerpt":{"rendered":"<p>El proyecto World pendulum Alliance (WP @ ELAB) es una iniciativa de tres a\u00f1os aprobada para su financiaci\u00f3n en el marco deEuropean Commission\u2019s Erasmus+ \u2013 KA2 Cooperation for Innovation and the Exchange of Good Practices \u2013 Capacity Building in the Field fo Higher Education. El proyecto est\u00e1 coordinado por IST, Instituto Superior T\u00e9cnico &#8211; Universidade&hellip; <a class=\"more-link\" href=\"https:\/\/wpa.tecnico.ulisboa.pt\/~wpa.daemon\/es\/quienes-somos\/\">Continue reading <span class=\"screen-reader-text\">\u00bfQui\u00e9nes somos?<\/span><\/a><\/p>\n","protected":false},"author":14,"featured_media":0,"parent":0,"menu_order":0,"comment_status":"closed","ping_status":"closed","template":"","meta":[],"_links":{"self":[{"href":"https:\/\/wpa.tecnico.ulisboa.pt\/~wpa.daemon\/wp-json\/wp\/v2\/pages\/1904"}],"collection":[{"href":"https:\/\/wpa.tecnico.ulisboa.pt\/~wpa.daemon\/wp-json\/wp\/v2\/pages"}],"about":[{"href":"https:\/\/wpa.tecnico.ulisboa.pt\/~wpa.daemon\/wp-json\/wp\/v2\/types\/page"}],"author":[{"embeddable":true,"href":"https:\/\/wpa.tecnico.ulisboa.pt\/~wpa.daemon\/wp-json\/wp\/v2\/users\/14"}],"replies":[{"embeddable":true,"href":"https:\/\/wpa.tecnico.ulisboa.pt\/~wpa.daemon\/wp-json\/wp\/v2\/comments?post=1904"}],"version-history":[{"count":2,"href":"https:\/\/wpa.tecnico.ulisboa.pt\/~wpa.daemon\/wp-json\/wp\/v2\/pages\/1904\/revisions"}],"predecessor-version":[{"id":2608,"href":"https:\/\/wpa.tecnico.ulisboa.pt\/~wpa.daemon\/wp-json\/wp\/v2\/pages\/1904\/revisions\/2608"}],"wp:attachment":[{"href":"https:\/\/wpa.tecnico.ulisboa.pt\/~wpa.daemon\/wp-json\/wp\/v2\/media?parent=1904"}],"curies":[{"name":"wp","href":"https:\/\/api.w.org\/{rel}","templated":true}]}}