{"id":2027,"date":"2021-08-06T10:13:31","date_gmt":"2021-08-06T10:13:31","guid":{"rendered":"https:\/\/wpa.tecnico.ulisboa.pt\/~wpa.daemon\/?page_id=2027"},"modified":"2022-10-18T14:29:10","modified_gmt":"2022-10-18T14:29:10","slug":"cdc-puc","status":"publish","type":"page","link":"https:\/\/wpa.tecnico.ulisboa.pt\/~wpa.daemon\/es\/cdc-puc\/","title":{"rendered":"CDC PUC"},"content":{"rendered":"\n<p><strong>Departamento de F\u00edsica de la PUC-Rio<\/strong><br>El Departamento de F\u00edsica, fundado en diciembre de 1959, est\u00e1 comprometido con la promoci\u00f3n del conocimiento cient\u00edfico, la docencia y la investigaci\u00f3n, as\u00ed como con la divulgaci\u00f3n de la ciencia, como lo ha hecho a lo largo de su trayectoria, con visitas de estudiantes de secundaria a los laboratorios del Departamento para demostrar conceptos cient\u00edficos en pr\u00e1ctica; talleres de laboratorio para profesores de secundaria; y ferias cient\u00edficas, siempre divulgando a la sociedad qu\u00e9 conocimiento se produce en la Universidad.<\/p>\n\n\n\n<p><br>Para ello, participa en el World Pendulum Alliance Project, un proyecto de desarrollo en el \u00e1mbito de la educaci\u00f3n superior, cofinanciado por el Programa Erasmus+ de la Uni\u00f3n Europea. Este Programa tiene como objetivo implementar una red global de experimentos remotos.<br><\/p>\n\n\n\n<p>La participaci\u00f3n de la PUC se da con la implementaci\u00f3n de un p\u00e9ndulo primario y 11 secundarios.<\/p>\n\n\n\n<p><br>El p\u00e9ndulo primario, inicialmente ensamblado y configurado en la PUC-R\u00edo (Figura 1), fue trasladado al Planetario de la Ciudad de R\u00edo de Janeiro (Figura 2), ya que tendr\u00eda la posibilidad de atender a un n\u00famero significativo de estudiantes, 2.000 visitantes por a\u00f1o.<br>Los secundarios est\u00e1n siendo instalados en diferentes puntos de la ciudad de R\u00edo de Janeiro (Figura 3).<br><\/p>\n\n\n\n<p>La ubicaci\u00f3n del p\u00e9ndulo primario: -22.9738, -43.226<br><\/p>\n\n\n\n<figure class=\"wp-block-image size-large\"><img loading=\"lazy\" width=\"139\" height=\"302\" src=\"http:\/\/wpa.tecnico.ulisboa.pt\/~wpa.daemon\/wp-content\/uploads\/2022\/10\/img1.png\" alt=\"\" class=\"wp-image-2725\" srcset=\"https:\/\/wpa.tecnico.ulisboa.pt\/~wpa.daemon\/wp-content\/uploads\/2022\/10\/img1.png 139w, https:\/\/wpa.tecnico.ulisboa.pt\/~wpa.daemon\/wp-content\/uploads\/2022\/10\/img1-138x300.png 138w\" sizes=\"(max-width: 139px) 100vw, 139px\" \/><figcaption>Figure 1 &#8211; Pendulum mounted in the Physics Laboratory &#8211; room 348L PUC-Rio<\/figcaption><\/figure>\n\n\n\n<figure class=\"wp-block-image size-large\"><img loading=\"lazy\" width=\"221\" height=\"296\" src=\"http:\/\/wpa.tecnico.ulisboa.pt\/~wpa.daemon\/wp-content\/uploads\/2022\/10\/img2.png\" alt=\"\" class=\"wp-image-2726\"\/><figcaption>Figure 2 \u2013 Pendulum mounted in the Planetarium of G\u00e1vea \u2013 Rio e Janeiro<\/figcaption><\/figure>\n\n\n\n<figure class=\"wp-block-image size-large is-resized\"><img loading=\"lazy\" src=\"http:\/\/wpa.tecnico.ulisboa.pt\/~wpa.daemon\/wp-content\/uploads\/2022\/10\/image.png\" alt=\"\" class=\"wp-image-2727\" width=\"610\" height=\"430\" srcset=\"https:\/\/wpa.tecnico.ulisboa.pt\/~wpa.daemon\/wp-content\/uploads\/2022\/10\/image.png 963w, https:\/\/wpa.tecnico.ulisboa.pt\/~wpa.daemon\/wp-content\/uploads\/2022\/10\/image-300x212.png 300w, https:\/\/wpa.tecnico.ulisboa.pt\/~wpa.daemon\/wp-content\/uploads\/2022\/10\/image-768x542.png 768w\" sizes=\"(max-width: 610px) 100vw, 610px\" \/><figcaption>Figure 3 &#8211; Installation of secondary pendulums<\/figcaption><\/figure>\n\n\n\n<p><\/p>\n","protected":false},"excerpt":{"rendered":"<p>Departamento de F\u00edsica de la PUC-RioEl Departamento de F\u00edsica, fundado en diciembre de 1959, est\u00e1 comprometido con la promoci\u00f3n del conocimiento cient\u00edfico, la docencia y la investigaci\u00f3n, as\u00ed como con la divulgaci\u00f3n de la ciencia, como lo ha hecho a lo largo de su trayectoria, con visitas de estudiantes de secundaria a los laboratorios del&hellip; <a class=\"more-link\" href=\"https:\/\/wpa.tecnico.ulisboa.pt\/~wpa.daemon\/es\/cdc-puc\/\">Continue reading <span class=\"screen-reader-text\">CDC PUC<\/span><\/a><\/p>\n","protected":false},"author":14,"featured_media":0,"parent":0,"menu_order":0,"comment_status":"closed","ping_status":"closed","template":"","meta":[],"_links":{"self":[{"href":"https:\/\/wpa.tecnico.ulisboa.pt\/~wpa.daemon\/wp-json\/wp\/v2\/pages\/2027"}],"collection":[{"href":"https:\/\/wpa.tecnico.ulisboa.pt\/~wpa.daemon\/wp-json\/wp\/v2\/pages"}],"about":[{"href":"https:\/\/wpa.tecnico.ulisboa.pt\/~wpa.daemon\/wp-json\/wp\/v2\/types\/page"}],"author":[{"embeddable":true,"href":"https:\/\/wpa.tecnico.ulisboa.pt\/~wpa.daemon\/wp-json\/wp\/v2\/users\/14"}],"replies":[{"embeddable":true,"href":"https:\/\/wpa.tecnico.ulisboa.pt\/~wpa.daemon\/wp-json\/wp\/v2\/comments?post=2027"}],"version-history":[{"count":3,"href":"https:\/\/wpa.tecnico.ulisboa.pt\/~wpa.daemon\/wp-json\/wp\/v2\/pages\/2027\/revisions"}],"predecessor-version":[{"id":2730,"href":"https:\/\/wpa.tecnico.ulisboa.pt\/~wpa.daemon\/wp-json\/wp\/v2\/pages\/2027\/revisions\/2730"}],"wp:attachment":[{"href":"https:\/\/wpa.tecnico.ulisboa.pt\/~wpa.daemon\/wp-json\/wp\/v2\/media?parent=2027"}],"curies":[{"name":"wp","href":"https:\/\/api.w.org\/{rel}","templated":true}]}}