{"id":2182,"date":"2021-09-07T18:11:21","date_gmt":"2021-09-07T18:11:21","guid":{"rendered":"https:\/\/wpa.tecnico.ulisboa.pt\/~wpa.daemon\/?page_id=2182"},"modified":"2021-09-28T20:32:08","modified_gmt":"2021-09-28T20:32:08","slug":"quem-somos","status":"publish","type":"page","link":"https:\/\/wpa.tecnico.ulisboa.pt\/~wpa.daemon\/pt\/quem-somos\/","title":{"rendered":"Quem somos?"},"content":{"rendered":"\n<p>O projeto World Pendulum Alliance (WP@ELAB) \u00e9 uma iniciativa de tr\u00eas anos aprovada para financiamento no \u00e2mbito do Erasmus + &#8211; KA2 Coopera\u00e7\u00e3o para a Inova\u00e7\u00e3o e o Interc\u00e2mbio de Boas Pr\u00e1ticas &#8211; Capacita\u00e7\u00e3o no Campo do Ensino Superior da Comiss\u00e3o Europeia. O projeto \u00e9 coordenado pelo Instituto Superior T\u00e9cnico (IST) &#8211; Universidade de Lisboa (Lisboa, Portugal).<\/p>\n\n\n\n<p>O WP@ELAB visa melhorar a qualidade do ensino superior, nas \u00e1reas de matem\u00e1tica e ci\u00eancias, por meio da implanta\u00e7\u00e3o de uma rede global de experimentos remotos.<\/p>\n\n\n\n<p>Como objetivos espec\u00edficos, podemos designar:<\/p>\n\n\n\n<ul class=\"block-editor-rich-text__editable editor-rich-text__editable\"><li>Configure a rede da World Pendulum Alliance.<\/li><li>Proporcionar atividades de treinamento para capacita\u00e7\u00e3o no uso de novos recursos de aprendizagem: experimentos remotos.<\/li><li>Promover a coopera\u00e7\u00e3o entre a Uni\u00e3o Europ\u00e9ia (UE) e os pa\u00edses parceiros.<\/li><li>Cria\u00e7\u00e3o de Massive Open On-line Courses (MOOCs) relacionados com a experi\u00eancia do P\u00eandulo Mundial ao servi\u00e7o da educa\u00e7\u00e3o em ci\u00eancias, matem\u00e1tica e na \u00e1rea de Tecnologia da Informa\u00e7\u00e3o e Comunica\u00e7\u00e3o (TIC).<\/li><li>Lan\u00e7amento de um kit de ferramentas para experimentos remotos, promovendo o desenvolvimento e a educa\u00e7\u00e3o em metodologias de TIC.<\/li><li>Contribuindo para o desenvolvimento de Laborat\u00f3rios remotos.<\/li><\/ul>\n\n\n\n<div class=\"foto_individual visible\" style=\"background-image: url('https:\/\/wpa.tecnico.ulisboa.pt\/~wpa.daemon\/wp-content\/uploads\/2019\/09\/pendu.png')\"><\/div>\n\n\n\n<p>O projeto alcan\u00e7ar\u00e1 estes objetivos atrav\u00e9s da implanta\u00e7\u00e3o de uma rede compartilhada internacional operada e explorada por todas as institui\u00e7\u00f5es de ensino superior (IES) da UE e pa\u00edses parceiros. O Projeto est\u00e1 fortemente relacionado com as ferramentas de aprendizagem tecnol\u00f3gica das IES, os conte\u00fados de acesso p\u00fablico aberto e atrativo para o desenvolvimento de hardware, microprocessadores e software. A \u00eanfase ser\u00e1 colocada na liga\u00e7\u00e3o de metodologias e abordagens pedag\u00f3gicas com pr\u00e1ticas baseadas nas TIC. A implanta\u00e7\u00e3o do p\u00eandulo n\u00e3o se limita \u00e0s IES, podendo incluir escolas secund\u00e1rias, museus e outros espa\u00e7os p\u00fablicos, respondendo assim a uma necessidade evidente que os pa\u00edses da Am\u00e9rica Latina t\u00eam de aumentar o conhecimento dos alunos em ci\u00eancias e matem\u00e1tica.<\/p>\n","protected":false},"excerpt":{"rendered":"<p>O projeto World Pendulum Alliance (WP@ELAB) \u00e9 uma iniciativa de tr\u00eas anos aprovada para financiamento no \u00e2mbito do Erasmus + &#8211; KA2 Coopera\u00e7\u00e3o para a Inova\u00e7\u00e3o e o Interc\u00e2mbio de Boas Pr\u00e1ticas &#8211; Capacita\u00e7\u00e3o no Campo do Ensino Superior da Comiss\u00e3o Europeia. O projeto \u00e9 coordenado pelo Instituto Superior T\u00e9cnico (IST) &#8211; Universidade de Lisboa&hellip; <a class=\"more-link\" href=\"https:\/\/wpa.tecnico.ulisboa.pt\/~wpa.daemon\/pt\/quem-somos\/\">Continue reading <span class=\"screen-reader-text\">Quem somos?<\/span><\/a><\/p>\n","protected":false},"author":14,"featured_media":0,"parent":0,"menu_order":0,"comment_status":"closed","ping_status":"closed","template":"","meta":[],"_links":{"self":[{"href":"https:\/\/wpa.tecnico.ulisboa.pt\/~wpa.daemon\/wp-json\/wp\/v2\/pages\/2182"}],"collection":[{"href":"https:\/\/wpa.tecnico.ulisboa.pt\/~wpa.daemon\/wp-json\/wp\/v2\/pages"}],"about":[{"href":"https:\/\/wpa.tecnico.ulisboa.pt\/~wpa.daemon\/wp-json\/wp\/v2\/types\/page"}],"author":[{"embeddable":true,"href":"https:\/\/wpa.tecnico.ulisboa.pt\/~wpa.daemon\/wp-json\/wp\/v2\/users\/14"}],"replies":[{"embeddable":true,"href":"https:\/\/wpa.tecnico.ulisboa.pt\/~wpa.daemon\/wp-json\/wp\/v2\/comments?post=2182"}],"version-history":[{"count":3,"href":"https:\/\/wpa.tecnico.ulisboa.pt\/~wpa.daemon\/wp-json\/wp\/v2\/pages\/2182\/revisions"}],"predecessor-version":[{"id":2394,"href":"https:\/\/wpa.tecnico.ulisboa.pt\/~wpa.daemon\/wp-json\/wp\/v2\/pages\/2182\/revisions\/2394"}],"wp:attachment":[{"href":"https:\/\/wpa.tecnico.ulisboa.pt\/~wpa.daemon\/wp-json\/wp\/v2\/media?parent=2182"}],"curies":[{"name":"wp","href":"https:\/\/api.w.org\/{rel}","templated":true}]}}