{"id":2239,"date":"2021-09-07T21:24:26","date_gmt":"2021-09-07T21:24:26","guid":{"rendered":"https:\/\/wpa.tecnico.ulisboa.pt\/~wpa.daemon\/?page_id=2239"},"modified":"2021-09-30T14:09:25","modified_gmt":"2021-09-30T14:09:25","slug":"instalacao-do-pendulo","status":"publish","type":"page","link":"https:\/\/wpa.tecnico.ulisboa.pt\/~wpa.daemon\/pt\/instalacao-do-pendulo\/","title":{"rendered":"Instala\u00e7\u00e3o do p\u00eandulo"},"content":{"rendered":"\n<h2>Guia de instala\u00e7\u00e3o do p\u00eandulo<\/h2>\n\n\n\n<p>Nos links a seguir voc\u00ea encontrar\u00e1 instru\u00e7\u00f5es detalhadas para a instala\u00e7\u00e3o do p\u00eandulo, incluindo:<\/p>\n\n\n\n<ul><li>Montagem mec\u00e2nica.<\/li><li>Interface el\u00e9trica.<\/li><li>Calibra\u00e7\u00e3o de instrumento.<\/li><li>Uso n\u00e3o remoto do p\u00eandulo.<\/li><\/ul>\n\n\n\n<p><a href=\"http:\/\/www.elab.tecnico.ulisboa.pt\/wiki\/index.php?title=Precision_Pendulum\" target=\"_blank\" rel=\"noopener noreferrer\">Link Wiki Pendulum<\/a><\/p>\n\n\n\n<div class=\"foto_individual visible\" style=\"height: 700px; background-image: url('http:\/\/wpa.tecnico.ulisboa.pt\/~wpa.daemon\/wp-content\/uploads\/2019\/09\/IMG_20190611_143645491.jpg')\"><\/div>\n\n\n\n<h2>Fabricante do p\u00eandulo<\/h2>\n\n\n\n<p>A Trigger Systems \u00e9 a fabricante de p\u00eandulos para centros de divulga\u00e7\u00e3o cient\u00edfica<\/p>\n\n\n<p><strong>Informa\u00e7\u00e3o de contato:<\/strong><\/p>\n<p><strong>Trigger.Systems<\/strong><\/p>\n<p><strong>Paulo Lopes<\/strong><\/p>\n<ul>\n<li>Correio eletr\u00f4nico: <a href=\"mailto: paulo.lopes@trigger.systems\">paulo.lopes@trigger.systems<\/a>.<\/li>\n<li>N\u00famero de telefone: +351 211372608.<\/li>\n<\/ul>\n<p><a href=\"https:\/\/trigger.systems\/\" target=\"_blank\" rel=\"noopener noreferrer\">https:\/\/trigger.systems\/<\/a><\/p>\n\n\n<p><\/p>\n","protected":false},"excerpt":{"rendered":"<p>Guia de instala\u00e7\u00e3o do p\u00eandulo Nos links a seguir voc\u00ea encontrar\u00e1 instru\u00e7\u00f5es detalhadas para a instala\u00e7\u00e3o do p\u00eandulo, incluindo: Montagem mec\u00e2nica. Interface el\u00e9trica. Calibra\u00e7\u00e3o de instrumento. Uso n\u00e3o remoto do p\u00eandulo. Link Wiki Pendulum Fabricante do p\u00eandulo A Trigger Systems \u00e9 a fabricante de p\u00eandulos para centros de divulga\u00e7\u00e3o cient\u00edfica Informa\u00e7\u00e3o de contato: Trigger.Systems Paulo&hellip; <a class=\"more-link\" href=\"https:\/\/wpa.tecnico.ulisboa.pt\/~wpa.daemon\/pt\/instalacao-do-pendulo\/\">Continue reading <span class=\"screen-reader-text\">Instala\u00e7\u00e3o do p\u00eandulo<\/span><\/a><\/p>\n","protected":false},"author":14,"featured_media":0,"parent":0,"menu_order":0,"comment_status":"closed","ping_status":"closed","template":"","meta":[],"_links":{"self":[{"href":"https:\/\/wpa.tecnico.ulisboa.pt\/~wpa.daemon\/wp-json\/wp\/v2\/pages\/2239"}],"collection":[{"href":"https:\/\/wpa.tecnico.ulisboa.pt\/~wpa.daemon\/wp-json\/wp\/v2\/pages"}],"about":[{"href":"https:\/\/wpa.tecnico.ulisboa.pt\/~wpa.daemon\/wp-json\/wp\/v2\/types\/page"}],"author":[{"embeddable":true,"href":"https:\/\/wpa.tecnico.ulisboa.pt\/~wpa.daemon\/wp-json\/wp\/v2\/users\/14"}],"replies":[{"embeddable":true,"href":"https:\/\/wpa.tecnico.ulisboa.pt\/~wpa.daemon\/wp-json\/wp\/v2\/comments?post=2239"}],"version-history":[{"count":2,"href":"https:\/\/wpa.tecnico.ulisboa.pt\/~wpa.daemon\/wp-json\/wp\/v2\/pages\/2239\/revisions"}],"predecessor-version":[{"id":2464,"href":"https:\/\/wpa.tecnico.ulisboa.pt\/~wpa.daemon\/wp-json\/wp\/v2\/pages\/2239\/revisions\/2464"}],"wp:attachment":[{"href":"https:\/\/wpa.tecnico.ulisboa.pt\/~wpa.daemon\/wp-json\/wp\/v2\/media?parent=2239"}],"curies":[{"name":"wp","href":"https:\/\/api.w.org\/{rel}","templated":true}]}}