{"id":2263,"date":"2021-09-07T22:11:37","date_gmt":"2021-09-07T22:11:37","guid":{"rendered":"https:\/\/wpa.tecnico.ulisboa.pt\/~wpa.daemon\/?page_id=2263"},"modified":"2022-10-18T14:30:12","modified_gmt":"2022-10-18T14:30:12","slug":"cdc-puc-2","status":"publish","type":"page","link":"https:\/\/wpa.tecnico.ulisboa.pt\/~wpa.daemon\/pt\/cdc-puc-2\/","title":{"rendered":"CDC PUC"},"content":{"rendered":"\n<p><strong>Departamento de F\u00edsica da PUC-Rio<\/strong><br>O Departamento de F\u00edsica, fundado em dezembro de 1959, tem o compromisso de promover o conhecimento cient\u00edfico, o ensino e a pesquisa, bem como a divulga\u00e7\u00e3o da ci\u00eancia, como tem feito ao longo de sua trajet\u00f3ria, com visitas de alunos do ensino m\u00e9dio aos laborat\u00f3rios do Departamento para demonstrar conceitos cient\u00edficos em pr\u00e1tica; oficinas de laborat\u00f3rio para professores do ensino m\u00e9dio; e feiras de ci\u00eancias, sempre divulgando \u00e0 sociedade o conhecimento que \u00e9 produzido na Universidade.<\/p>\n\n\n\n<p><br>Para o efeito, participa no World Pendulum Alliance Project, um projeto de desenvolvimento na \u00e1rea do ensino superior, cofinanciado pelo Programa Erasmus + da Uni\u00e3o Europeia. Este Programa visa implementar uma rede global de experimentos remotos.<\/p>\n\n\n\n<p><br>A participa\u00e7\u00e3o da PUC se d\u00e1 com a implanta\u00e7\u00e3o de um p\u00eandulo prim\u00e1rio e 11 secund\u00e1rios.<\/p>\n\n\n\n<p><br>O p\u00eandulo prim\u00e1rio, inicialmente montado e configurado na PUC-Rio (Figura 1), foi transferido para o Planet\u00e1rio da Cidade do Rio de Janeiro (Figura 2), pois teria ent\u00e3o a possibilidade de atender um n\u00famero significativo de alunos, 2.000 visitantes por ano.<br><\/p>\n\n\n\n<p>As secund\u00e1rias est\u00e3o sendo instaladas em diferentes pontos da cidade do Rio de Janeiro (Figura 3).<\/p>\n\n\n\n<p><br>A localiza\u00e7\u00e3o do p\u00eandulo prim\u00e1rio: -22,9738, -43,226<br>.<\/p>\n\n\n\n<figure class=\"wp-block-image size-large\"><img loading=\"lazy\" width=\"139\" height=\"302\" src=\"http:\/\/wpa.tecnico.ulisboa.pt\/~wpa.daemon\/wp-content\/uploads\/2022\/10\/img1.png\" alt=\"\" class=\"wp-image-2725\" srcset=\"https:\/\/wpa.tecnico.ulisboa.pt\/~wpa.daemon\/wp-content\/uploads\/2022\/10\/img1.png 139w, https:\/\/wpa.tecnico.ulisboa.pt\/~wpa.daemon\/wp-content\/uploads\/2022\/10\/img1-138x300.png 138w\" sizes=\"(max-width: 139px) 100vw, 139px\" \/><figcaption>Figure 1 &#8211; Pendulum mounted in the Physics Laboratory &#8211; room 348L PUC-Rio<\/figcaption><\/figure>\n\n\n\n<figure class=\"wp-block-image size-large\"><img loading=\"lazy\" width=\"221\" height=\"296\" src=\"http:\/\/wpa.tecnico.ulisboa.pt\/~wpa.daemon\/wp-content\/uploads\/2022\/10\/img2.png\" alt=\"\" class=\"wp-image-2726\"\/><figcaption>Figure 2 \u2013 Pendulum mounted in the Planetarium of G\u00e1vea \u2013 Rio e Janeiro<\/figcaption><\/figure>\n\n\n\n<figure class=\"wp-block-image size-large is-resized\"><img loading=\"lazy\" src=\"http:\/\/wpa.tecnico.ulisboa.pt\/~wpa.daemon\/wp-content\/uploads\/2022\/10\/image.png\" alt=\"\" class=\"wp-image-2727\" width=\"610\" height=\"430\" srcset=\"https:\/\/wpa.tecnico.ulisboa.pt\/~wpa.daemon\/wp-content\/uploads\/2022\/10\/image.png 963w, https:\/\/wpa.tecnico.ulisboa.pt\/~wpa.daemon\/wp-content\/uploads\/2022\/10\/image-300x212.png 300w, https:\/\/wpa.tecnico.ulisboa.pt\/~wpa.daemon\/wp-content\/uploads\/2022\/10\/image-768x542.png 768w\" sizes=\"(max-width: 610px) 100vw, 610px\" \/><figcaption>Figure 3 &#8211; Installation of secondary pendulums<\/figcaption><\/figure>\n\n\n\n<p><\/p>\n","protected":false},"excerpt":{"rendered":"<p>Departamento de F\u00edsica da PUC-RioO Departamento de F\u00edsica, fundado em dezembro de 1959, tem o compromisso de promover o conhecimento cient\u00edfico, o ensino e a pesquisa, bem como a divulga\u00e7\u00e3o da ci\u00eancia, como tem feito ao longo de sua trajet\u00f3ria, com visitas de alunos do ensino m\u00e9dio aos laborat\u00f3rios do Departamento para demonstrar conceitos cient\u00edficos&hellip; <a class=\"more-link\" href=\"https:\/\/wpa.tecnico.ulisboa.pt\/~wpa.daemon\/pt\/cdc-puc-2\/\">Continue reading <span class=\"screen-reader-text\">CDC PUC<\/span><\/a><\/p>\n","protected":false},"author":14,"featured_media":0,"parent":0,"menu_order":0,"comment_status":"closed","ping_status":"closed","template":"","meta":[],"_links":{"self":[{"href":"https:\/\/wpa.tecnico.ulisboa.pt\/~wpa.daemon\/wp-json\/wp\/v2\/pages\/2263"}],"collection":[{"href":"https:\/\/wpa.tecnico.ulisboa.pt\/~wpa.daemon\/wp-json\/wp\/v2\/pages"}],"about":[{"href":"https:\/\/wpa.tecnico.ulisboa.pt\/~wpa.daemon\/wp-json\/wp\/v2\/types\/page"}],"author":[{"embeddable":true,"href":"https:\/\/wpa.tecnico.ulisboa.pt\/~wpa.daemon\/wp-json\/wp\/v2\/users\/14"}],"replies":[{"embeddable":true,"href":"https:\/\/wpa.tecnico.ulisboa.pt\/~wpa.daemon\/wp-json\/wp\/v2\/comments?post=2263"}],"version-history":[{"count":2,"href":"https:\/\/wpa.tecnico.ulisboa.pt\/~wpa.daemon\/wp-json\/wp\/v2\/pages\/2263\/revisions"}],"predecessor-version":[{"id":2731,"href":"https:\/\/wpa.tecnico.ulisboa.pt\/~wpa.daemon\/wp-json\/wp\/v2\/pages\/2263\/revisions\/2731"}],"wp:attachment":[{"href":"https:\/\/wpa.tecnico.ulisboa.pt\/~wpa.daemon\/wp-json\/wp\/v2\/media?parent=2263"}],"curies":[{"name":"wp","href":"https:\/\/api.w.org\/{rel}","templated":true}]}}