{"id":2290,"date":"2021-09-07T22:50:16","date_gmt":"2021-09-07T22:50:16","guid":{"rendered":"https:\/\/wpa.tecnico.ulisboa.pt\/~wpa.daemon\/?page_id=2290"},"modified":"2022-08-09T01:20:15","modified_gmt":"2022-08-09T01:20:15","slug":"publicacoes-e-produtos-a-serem-entregues","status":"publish","type":"page","link":"https:\/\/wpa.tecnico.ulisboa.pt\/~wpa.daemon\/pt\/publicacoes-e-produtos-a-serem-entregues\/","title":{"rendered":"Publica\u00e7\u00f5es e produtos a serem entregues"},"content":{"rendered":"\n<!--<div class=\"bloque_individual_out visible\" style=\"display: none;\"><a href=\"http:\/\/elab.ist.utl.pt\/rec.web\/\"><div class=\"bloque_individual\" style=\"background-image: url('https:\/\/wpa.tecnico.ulisboa.pt\/~wpa.daemon\/wp-content\/uploads\/2021\/02\/Main-Pendulum-Locations.jpeg')\">\n<h3 class=\"h3_individual\">Rede de P\u00eandulo<\/h3>\n<\/div><\/a><\/div>-->\n\n\n\n<div class=\"bloque_individual_out visible\" style=\"display: none;\"><a href=\"https:\/\/wpa.tecnico.ulisboa.pt\/~wpa.daemon\/pt\/recursos-pedagogicos-2\/\"><div class=\"bloque_individual\" style=\"background-image: url('http:\/\/wpa.tecnico.ulisboa.pt\/~wpa.daemon\/wp-content\/uploads\/2019\/09\/0e082ac5-e73d-4598-b019-a7851e6c1991.jpg')\">\n<h3 class=\"h3_individual\">Recursos Pedag\u00f3gicos<\/h3>\n<\/div><\/a><\/div>\n\n\n\n<div class=\"bloque_individual_out visible\" style=\"display: none;\"><a href=\"https:\/\/wpa.tecnico.ulisboa.pt\/~wpa.daemon\/pt\/centros-de-divulgacao-cientifica\/\"><div class=\"bloque_individual\" style=\"background-image: url('http:\/\/wpa.tecnico.ulisboa.pt\/~wpa.daemon\/wp-content\/uploads\/2020\/07\/F\u00edsica-en-Acci\u00f3n-Outreach-for-School-Children.jpg')\">\n<h3 class=\"h3_individual\">Centros de Divulga\u00e7\u00e3o Cient\u00edfica<\/h3>\n<\/div><\/a><\/div>\n\n\n\n<div class=\"bloque_individual_out visible\" style=\"display: none;\"><a href=\"https:\/\/wpa.tecnico.ulisboa.pt\/~wpa.daemon\/pt\/instalacao-do-pendulo\/\"><div class=\"bloque_individual\" style=\"background-image: url('http:\/\/wpa.tecnico.ulisboa.pt\/~wpa.daemon\/wp-content\/uploads\/2020\/07\/world-pendulum-aliance-uma-constelacao-de-pendulos-ao-redor-do-mundo-1140x641.jpg')\">\n<h3 class=\"h3_individual\">Instala\u00e7\u00e3o do p\u00eandulo<\/h3>\n<\/div><\/a><\/div>\n\n\n\n<div class=\"bloque_individual_out visible\" style=\"display: none;\"><a href=\"https:\/\/wpa.tecnico.ulisboa.pt\/~wpa.daemon\/pt\/projetos-de-pendulo\/\"><div class=\"bloque_individual\" style=\"background-image: url('http:\/\/wpa.tecnico.ulisboa.pt\/~wpa.daemon\/wp-content\/uploads\/2021\/08\/planos.jpg')\">\n<h3 class=\"h3_individual\">Projetos de p\u00eandulo<\/h3>\n<\/div><\/a><\/div>\n\n\n\n<p><\/p>\n","protected":false},"excerpt":{"rendered":"<p>Recursos Pedag\u00f3gicos Centros de Divulga\u00e7\u00e3o Cient\u00edfica Instala\u00e7\u00e3o do p\u00eandulo Projetos de p\u00eandulo<\/p>\n","protected":false},"author":14,"featured_media":0,"parent":0,"menu_order":0,"comment_status":"closed","ping_status":"closed","template":"","meta":[],"_links":{"self":[{"href":"https:\/\/wpa.tecnico.ulisboa.pt\/~wpa.daemon\/wp-json\/wp\/v2\/pages\/2290"}],"collection":[{"href":"https:\/\/wpa.tecnico.ulisboa.pt\/~wpa.daemon\/wp-json\/wp\/v2\/pages"}],"about":[{"href":"https:\/\/wpa.tecnico.ulisboa.pt\/~wpa.daemon\/wp-json\/wp\/v2\/types\/page"}],"author":[{"embeddable":true,"href":"https:\/\/wpa.tecnico.ulisboa.pt\/~wpa.daemon\/wp-json\/wp\/v2\/users\/14"}],"replies":[{"embeddable":true,"href":"https:\/\/wpa.tecnico.ulisboa.pt\/~wpa.daemon\/wp-json\/wp\/v2\/comments?post=2290"}],"version-history":[{"count":3,"href":"https:\/\/wpa.tecnico.ulisboa.pt\/~wpa.daemon\/wp-json\/wp\/v2\/pages\/2290\/revisions"}],"predecessor-version":[{"id":2662,"href":"https:\/\/wpa.tecnico.ulisboa.pt\/~wpa.daemon\/wp-json\/wp\/v2\/pages\/2290\/revisions\/2662"}],"wp:attachment":[{"href":"https:\/\/wpa.tecnico.ulisboa.pt\/~wpa.daemon\/wp-json\/wp\/v2\/media?parent=2290"}],"curies":[{"name":"wp","href":"https:\/\/api.w.org\/{rel}","templated":true}]}}