{"id":2292,"date":"2021-09-07T22:52:32","date_gmt":"2021-09-07T22:52:32","guid":{"rendered":"https:\/\/wpa.tecnico.ulisboa.pt\/~wpa.daemon\/?page_id=2292"},"modified":"2023-03-18T03:05:20","modified_gmt":"2023-03-18T03:05:20","slug":"eventos","status":"publish","type":"page","link":"https:\/\/wpa.tecnico.ulisboa.pt\/~wpa.daemon\/pt\/project-overview-portugues\/eventos\/","title":{"rendered":"Eventos"},"content":{"rendered":"\n<div class=\"bloque_individual_out visible\" style=\"display: none;\"><a href=\"https:\/\/wpa.tecnico.ulisboa.pt\/~wpa.daemon\/pt\/atividades-de-divulgacao-cientifica\/\"><div class=\"bloque_individual\" style=\"background-image: url('http:\/\/wpa.tecnico.ulisboa.pt\/~wpa.daemon\/wp-content\/uploads\/2020\/07\/F\u00edsica-en-Acci\u00f3n-Outreach-for-School-Children.jpg')\"><h3 class=\"h3_individual\">Atividades de divulga\u00e7\u00e3o cient\u00edfica<\/h3>\n<\/div><\/a><\/div>\n\n\n\n<div class=\"bloque_individual_out visible\" style=\"display: none;\"><a href=\"https:\/\/wpa.tecnico.ulisboa.pt\/~wpa.daemon\/pt\/conferencia-final\/\"><div class=\"bloque_individual\" style=\"background-image: url('http:\/\/wpa.tecnico.ulisboa.pt\/~wpa.daemon\/wp-content\/uploads\/2023\/03\/panama-19.jpg')\">\n<h3 class=\"h3_individual\">Confer\u00eancia Final<\/h3>\n<\/div><\/a><\/div>\n\n\n\n<div class=\"bloque_individual_out visible\" style=\"display: none;\"><a href=\"https:\/\/wpa.tecnico.ulisboa.pt\/~wpa.daemon\/pt\/reunioes-de-projeto\/\"><div class=\"bloque_individual\" style=\"background-image: url('http:\/\/wpa.tecnico.ulisboa.pt\/~wpa.daemon\/wp-content\/uploads\/2019\/09\/IMG_20190611_143645491.jpg')\">\n<h3 class=\"h3_individual\">Reuni\u00f5es de Projeto<\/h3>\n<\/div><\/a><\/div>\n\n\n\n<p>.<\/p>\n","protected":false},"excerpt":{"rendered":"<p>Atividades de divulga\u00e7\u00e3o cient\u00edfica Confer\u00eancia Final Reuni\u00f5es de Projeto .<\/p>\n","protected":false},"author":14,"featured_media":0,"parent":1709,"menu_order":0,"comment_status":"closed","ping_status":"closed","template":"","meta":[],"_links":{"self":[{"href":"https:\/\/wpa.tecnico.ulisboa.pt\/~wpa.daemon\/wp-json\/wp\/v2\/pages\/2292"}],"collection":[{"href":"https:\/\/wpa.tecnico.ulisboa.pt\/~wpa.daemon\/wp-json\/wp\/v2\/pages"}],"about":[{"href":"https:\/\/wpa.tecnico.ulisboa.pt\/~wpa.daemon\/wp-json\/wp\/v2\/types\/page"}],"author":[{"embeddable":true,"href":"https:\/\/wpa.tecnico.ulisboa.pt\/~wpa.daemon\/wp-json\/wp\/v2\/users\/14"}],"replies":[{"embeddable":true,"href":"https:\/\/wpa.tecnico.ulisboa.pt\/~wpa.daemon\/wp-json\/wp\/v2\/comments?post=2292"}],"version-history":[{"count":6,"href":"https:\/\/wpa.tecnico.ulisboa.pt\/~wpa.daemon\/wp-json\/wp\/v2\/pages\/2292\/revisions"}],"predecessor-version":[{"id":2916,"href":"https:\/\/wpa.tecnico.ulisboa.pt\/~wpa.daemon\/wp-json\/wp\/v2\/pages\/2292\/revisions\/2916"}],"up":[{"embeddable":true,"href":"https:\/\/wpa.tecnico.ulisboa.pt\/~wpa.daemon\/wp-json\/wp\/v2\/pages\/1709"}],"wp:attachment":[{"href":"https:\/\/wpa.tecnico.ulisboa.pt\/~wpa.daemon\/wp-json\/wp\/v2\/media?parent=2292"}],"curies":[{"name":"wp","href":"https:\/\/api.w.org\/{rel}","templated":true}]}}