{"id":2571,"date":"2022-03-23T00:18:16","date_gmt":"2022-03-23T00:18:16","guid":{"rendered":"https:\/\/wpa.tecnico.ulisboa.pt\/~wpa.daemon\/?page_id=2571"},"modified":"2023-03-24T20:59:16","modified_gmt":"2023-03-24T20:59:16","slug":"rede-de-pendulo","status":"publish","type":"page","link":"https:\/\/wpa.tecnico.ulisboa.pt\/~wpa.daemon\/pt\/rede-de-pendulo\/","title":{"rendered":"Rede de P\u00eandulos"},"content":{"rendered":"\n<p>Seleccionea a localiza\u00e7\u00e3o na tabela ou no mapa e clique no link do servidor. <\/p>\n\n\n\n<p>Para login use Gmail ou Exchange.<\/p>\n\n\n\n<p>Consulte os termos de uso (em ingl\u00eas) <a href=\"http:\/\/wpa.tecnico.ulisboa.pt\/~wpa.daemon\/?page_id=2664&amp;preview=true\" data-type=\"URL\" data-id=\"http:\/\/wpa.tecnico.ulisboa.pt\/~wpa.daemon\/?page_id=2664&amp;preview=true\">aqui<\/a><\/p>\n\n\n\n<h3 class=\"has-text-align-center\">Rede Prim\u00e1ria de P\u00eandulos<\/h3>\n\n\n\n<figure class=\"wp-block-table alignwide\"><table><tbody><tr><td class=\"has-text-align-center\" data-align=\"center\"><strong>World Wide<\/strong><br><a rel=\"noreferrer noopener\" href=\"https:\/\/elab.vps.tecnico.ulisboa.pt:8000\/\" target=\"_blank\">Instituto Tecnico Superior &#8211; ITS<\/a><\/td><\/tr><\/tbody><\/table><\/figure>\n\n\n\n<h3 class=\"has-text-align-center\">Rede Secund\u00e1ria de P\u00eandulos<\/h3>\n\n\n\n<figure class=\"wp-block-table alignwide is-style-regular\"><table><tbody><tr><td class=\"has-text-align-center\" data-align=\"center\"><strong>Brasil<\/strong><\/td><td class=\"has-text-align-center\" data-align=\"center\"><strong>Chile<\/strong><\/td><td class=\"has-text-align-center\" data-align=\"center\"><strong>Colombia<\/strong><\/td><td class=\"has-text-align-center\" data-align=\"center\"><strong>Panam<\/strong>\u00e1<\/td><\/tr><tr><td class=\"has-text-align-center\" data-align=\"center\"><a href=\"http:\/\/cdc.uesc.br:8000\/\">Universidade Estadual De Santa Cruz &#8211; UESC<\/a><\/td><td class=\"has-text-align-center\" data-align=\"center\"><a rel=\"noreferrer noopener\" href=\"http:\/\/elab.dfi.uchile.cl:8050\/\" target=\"_blank\">Universidad de Chile &#8211; UChile<\/a><\/td><td class=\"has-text-align-center\" data-align=\"center\"><a href=\"http:\/\/pendulo.unad.edu.co\" data-type=\"URL\" data-id=\"http:\/\/pendulo.unad.edu.co\">Universidad Nacional Abierta y a Distancia &#8211; UNAD<\/a><\/td><td class=\"has-text-align-center\" data-align=\"center\"><a href=\"https:\/\/wpa.utp.ac.pa\/\">Universidad Tecnlogica de Panama &#8211; UTP<\/a><\/td><\/tr><tr><td class=\"has-text-align-center\" data-align=\"center\"><br><a href=\"https:\/\/wpa.unb.br\/\">Universidade de Bras\u00edlia &#8211; UnB<\/a><\/td><td class=\"has-text-align-center\" data-align=\"center\"><a href=\"http:\/\/wpa.usm.cl:8000\/\">Universidad T\u00e9cnica Federico Santa Mar\u00eda &#8211; USM<\/a><\/td><td class=\"has-text-align-center\" data-align=\"center\"><a href=\"https:\/\/elab.uniandes.edu.co\/\">Universidad de los Andes &#8211; Uniandes<\/a><br><\/td><td class=\"has-text-align-center\" data-align=\"center\"><a href=\"http:\/\/wpa.usma.ac.pa\/\">Universidad Cat\u00f3lica Santa Mar\u00eda La Antigua &#8211; USMA<\/a><\/td><\/tr><tr><td class=\"has-text-align-center\" data-align=\"center\"><a href=\"http:\/\/pendulomundial.app.br:8000\/\">PUC &#8211; Rio<\/a><\/td><td class=\"has-text-align-center\" data-align=\"center\"><\/td><td class=\"has-text-align-center\" data-align=\"center\"><\/td><td class=\"has-text-align-center\" data-align=\"center\"><\/td><\/tr><\/tbody><\/table><\/figure>\n\n\n\n<iframe src=\"https:\/\/www.google.com\/maps\/d\/embed?mid=1hK6_cAIKwe8_R4HjoVPbv6I8LkX2VHfK&amp;ehbc=2E312F\" class=\"foto_individual visible\" style=\"height: 700px; padding: 0px !important;\"><\/iframe>\n","protected":false},"excerpt":{"rendered":"<p>Seleccionea a localiza\u00e7\u00e3o na tabela ou no mapa e clique no link do servidor. Para login use Gmail ou Exchange. Consulte os termos de uso (em ingl\u00eas) aqui Rede Prim\u00e1ria de P\u00eandulos World WideInstituto Tecnico Superior &#8211; ITS Rede Secund\u00e1ria de P\u00eandulos Brasil Chile Colombia Panam\u00e1 Universidade Estadual De Santa Cruz &#8211; UESC Universidad de&hellip; <a class=\"more-link\" href=\"https:\/\/wpa.tecnico.ulisboa.pt\/~wpa.daemon\/pt\/rede-de-pendulo\/\">Continue reading <span class=\"screen-reader-text\">Rede de P\u00eandulos<\/span><\/a><\/p>\n","protected":false},"author":14,"featured_media":0,"parent":0,"menu_order":0,"comment_status":"closed","ping_status":"closed","template":"","meta":[],"_links":{"self":[{"href":"https:\/\/wpa.tecnico.ulisboa.pt\/~wpa.daemon\/wp-json\/wp\/v2\/pages\/2571"}],"collection":[{"href":"https:\/\/wpa.tecnico.ulisboa.pt\/~wpa.daemon\/wp-json\/wp\/v2\/pages"}],"about":[{"href":"https:\/\/wpa.tecnico.ulisboa.pt\/~wpa.daemon\/wp-json\/wp\/v2\/types\/page"}],"author":[{"embeddable":true,"href":"https:\/\/wpa.tecnico.ulisboa.pt\/~wpa.daemon\/wp-json\/wp\/v2\/users\/14"}],"replies":[{"embeddable":true,"href":"https:\/\/wpa.tecnico.ulisboa.pt\/~wpa.daemon\/wp-json\/wp\/v2\/comments?post=2571"}],"version-history":[{"count":10,"href":"https:\/\/wpa.tecnico.ulisboa.pt\/~wpa.daemon\/wp-json\/wp\/v2\/pages\/2571\/revisions"}],"predecessor-version":[{"id":3009,"href":"https:\/\/wpa.tecnico.ulisboa.pt\/~wpa.daemon\/wp-json\/wp\/v2\/pages\/2571\/revisions\/3009"}],"wp:attachment":[{"href":"https:\/\/wpa.tecnico.ulisboa.pt\/~wpa.daemon\/wp-json\/wp\/v2\/media?parent=2571"}],"curies":[{"name":"wp","href":"https:\/\/api.w.org\/{rel}","templated":true}]}}