{"id":2850,"date":"2023-03-17T21:53:14","date_gmt":"2023-03-17T21:53:14","guid":{"rendered":"https:\/\/wpa.tecnico.ulisboa.pt\/~wpa.daemon\/?page_id=2850"},"modified":"2023-03-18T17:06:01","modified_gmt":"2023-03-18T17:06:01","slug":"conferencia-final","status":"publish","type":"page","link":"https:\/\/wpa.tecnico.ulisboa.pt\/~wpa.daemon\/pt\/conferencia-final\/","title":{"rendered":"Conf\u00earencia Final"},"content":{"rendered":"\n<h2 class=\"alignfull has-text-align-center\">World Pendulum Alliance  International Conference<\/h2>\n\n\n\n<p class=\"has-text-align-center\">Panam\u00e1, Outubro 18 &#8211; 20, 2022<\/p>\n\n\n\n<p class=\"has-text-align-center\"><a href=\"https:\/\/utp.ac.pa\/world-pendulum-alliance-international-conference\">https:\/\/utp.ac.pa\/world-pendulum-alliance-international-conference<\/a><\/p>\n\n\n\n<p class=\"has-text-align-center\"><strong>Em colabora\u00e7\u00e3o com VIII IESTEC UTP &#8211; 2022<\/strong><\/p>\n\n\n\n<p class=\"has-text-align-center\"><a href=\"https:\/\/congreso.utp.ac.pa\/\" data-type=\"URL\" data-id=\"https:\/\/congreso.utp.ac.pa\/\">https:\/\/congreso.utp.ac.pa\/<\/a><\/p>\n\n\n\n<figure class=\"wp-block-table alignwide is-style-stripes\"><table><tbody><tr><td class=\"has-text-align-center\" data-align=\"center\">Reuni\u00e3o Final<\/td><td class=\"has-text-align-center\" data-align=\"center\">Apresenta<strong>\u00e7<\/strong>\u00f5es Acad\u00eamicas <\/td><td class=\"has-text-align-center\" data-align=\"center\">Atividades de Divulga\u00e7\u00e3o<\/td><\/tr><tr><td class=\"has-text-align-center\" data-align=\"center\"><img src=\"http:\/\/wpa.tecnico.ulisboa.pt\/~wpa.daemon\/wp-content\/uploads\/2023\/03\/panama-19.jpg\" alt=\"\" style=\"width: 300px;\"><\/td><td class=\"has-text-align-center\" data-align=\"center\"><img src=\"http:\/\/wpa.tecnico.ulisboa.pt\/~wpa.daemon\/wp-content\/uploads\/2023\/03\/panama-5.jpg\" alt=\"\" style=\"width: 300px;\"><\/td><td class=\"has-text-align-center\" data-align=\"center\"><img src=\"http:\/\/wpa.tecnico.ulisboa.pt\/~wpa.daemon\/wp-content\/uploads\/2023\/03\/panama-demo-1.jpg\" alt=\"\" style=\"width: 225px;\"><\/td><\/tr><\/tbody><\/table><figcaption>                                               <\/figcaption><\/figure>\n\n\n\n<h3 class=\"has-text-align-center\">Lista de Artigos Acad\u00eamicos<\/h3>\n\n\n\n<h4 class=\"alignfull has-text-align-center\">Publicado on IEEE Xplore e INDEX IN SCOPUS<\/h4>\n\n\n\n<figure class=\"wp-block-image alignwide\"><img loading=\"lazy\" width=\"1168\" height=\"545\" src=\"http:\/\/wpa.tecnico.ulisboa.pt\/~wpa.daemon\/wp-content\/uploads\/2023\/03\/panama-11.jpg\" alt=\"\" class=\"wp-image-2882\" srcset=\"https:\/\/wpa.tecnico.ulisboa.pt\/~wpa.daemon\/wp-content\/uploads\/2023\/03\/panama-11.jpg 1168w, https:\/\/wpa.tecnico.ulisboa.pt\/~wpa.daemon\/wp-content\/uploads\/2023\/03\/panama-11-300x140.jpg 300w, https:\/\/wpa.tecnico.ulisboa.pt\/~wpa.daemon\/wp-content\/uploads\/2023\/03\/panama-11-1024x478.jpg 1024w, https:\/\/wpa.tecnico.ulisboa.pt\/~wpa.daemon\/wp-content\/uploads\/2023\/03\/panama-11-768x358.jpg 768w\" sizes=\"(max-width: 1168px) 100vw, 1168px\" \/><\/figure>\n\n\n\n<h3 class=\"has-text-align-center\">Atividades de Divulga\u00e7\u00e3o<\/h3>\n\n\n\n<h3 id=\"block-c056d582-7072-4d01-8c1f-10ec2d93a427\"><img src=\"http:\/\/wpa.tecnico.ulisboa.pt\/~wpa.daemon\/wp-content\/uploads\/2023\/03\/diseminacion.jpg\" alt=\"\"><\/h3>\n\n\n\n<h3 class=\"has-text-align-center\">Apresenta<strong>\u00e7<\/strong>\u00f5es e Networking<\/h3>\n\n\n\n<figure class=\"wp-block-table alignwide is-style-stripes\"><table><tbody><tr><td class=\"has-text-align-center\" data-align=\"center\"><\/td><td class=\"has-text-align-center\" data-align=\"center\"><img src=\"http:\/\/wpa.tecnico.ulisboa.pt\/~wpa.daemon\/wp-content\/uploads\/2023\/03\/panama-13.jpg\" alt=\"\" style=\"width: 200px;\"><\/td><td class=\"has-text-align-center\" data-align=\"center\"><img src=\"http:\/\/wpa.tecnico.ulisboa.pt\/~wpa.daemon\/wp-content\/uploads\/2023\/03\/panama-demo-2.jpg\" alt=\"\" style=\"width: 200px;\"><\/td><td class=\"has-text-align-center\" data-align=\"center\"><\/td><\/tr><tr><td class=\"has-text-align-center\" data-align=\"center\"><img src=\"http:\/\/wpa.tecnico.ulisboa.pt\/~wpa.daemon\/wp-content\/uploads\/2023\/03\/panama-14.jpg\" alt=\"\" style=\"width: 250px;\"><\/td><td class=\"has-text-align-center\" data-align=\"center\"><img src=\"http:\/\/wpa.tecnico.ulisboa.pt\/~wpa.daemon\/wp-content\/uploads\/2023\/03\/panama-1.jpg\" alt=\"\" style=\"width: 250px;\"><\/td><td class=\"has-text-align-center\" data-align=\"center\"><img src=\"http:\/\/wpa.tecnico.ulisboa.pt\/~wpa.daemon\/wp-content\/uploads\/2023\/03\/panama-12.jpg\" alt=\"\" style=\"width: 250px;\"><\/td><td class=\"has-text-align-center\" data-align=\"center\"><img src=\"http:\/\/wpa.tecnico.ulisboa.pt\/~wpa.daemon\/wp-content\/uploads\/2023\/03\/panama11.jpg\" alt=\"\" style=\"width: 250px;\"><\/td><\/tr><tr><td class=\"has-text-align-center\" data-align=\"center\"><img loading=\"lazy\" width=\"1024\" height=\"768\" class=\"wp-image-2891\" style=\"width: 250px;\" src=\"http:\/\/wpa.tecnico.ulisboa.pt\/~wpa.daemon\/wp-content\/uploads\/2023\/03\/panama-demo-3.jpg\" alt=\"\" srcset=\"https:\/\/wpa.tecnico.ulisboa.pt\/~wpa.daemon\/wp-content\/uploads\/2023\/03\/panama-demo-3.jpg 1024w, https:\/\/wpa.tecnico.ulisboa.pt\/~wpa.daemon\/wp-content\/uploads\/2023\/03\/panama-demo-3-300x225.jpg 300w, https:\/\/wpa.tecnico.ulisboa.pt\/~wpa.daemon\/wp-content\/uploads\/2023\/03\/panama-demo-3-768x576.jpg 768w\" sizes=\"(max-width: 1024px) 100vw, 1024px\" \/><\/td><td class=\"has-text-align-center\" data-align=\"center\"><img src=\"http:\/\/wpa.tecnico.ulisboa.pt\/~wpa.daemon\/wp-content\/uploads\/2023\/03\/panama10.jpg\" alt=\"\" style=\"width: 250px;\"><\/td><td class=\"has-text-align-center\" data-align=\"center\"><img src=\"http:\/\/wpa.tecnico.ulisboa.pt\/~wpa.daemon\/wp-content\/uploads\/2023\/03\/panama-6.jpg\" alt=\"\" style=\"width: 250px;\"><\/td><td class=\"has-text-align-center\" data-align=\"center\"><img loading=\"lazy\" width=\"2048\" height=\"1536\" class=\"wp-image-2879\" style=\"width: 250px;\" src=\"http:\/\/wpa.tecnico.ulisboa.pt\/~wpa.daemon\/wp-content\/uploads\/2023\/03\/panama-7.jpg\" alt=\"\" srcset=\"https:\/\/wpa.tecnico.ulisboa.pt\/~wpa.daemon\/wp-content\/uploads\/2023\/03\/panama-7.jpg 2048w, https:\/\/wpa.tecnico.ulisboa.pt\/~wpa.daemon\/wp-content\/uploads\/2023\/03\/panama-7-300x225.jpg 300w, https:\/\/wpa.tecnico.ulisboa.pt\/~wpa.daemon\/wp-content\/uploads\/2023\/03\/panama-7-1024x768.jpg 1024w, https:\/\/wpa.tecnico.ulisboa.pt\/~wpa.daemon\/wp-content\/uploads\/2023\/03\/panama-7-768x576.jpg 768w, https:\/\/wpa.tecnico.ulisboa.pt\/~wpa.daemon\/wp-content\/uploads\/2023\/03\/panama-7-1536x1152.jpg 1536w, https:\/\/wpa.tecnico.ulisboa.pt\/~wpa.daemon\/wp-content\/uploads\/2023\/03\/panama-7-1568x1176.jpg 1568w\" sizes=\"(max-width: 2048px) 100vw, 2048px\" \/><\/td><\/tr><tr><td class=\"has-text-align-center\" data-align=\"center\"><img loading=\"lazy\" width=\"1024\" height=\"648\" class=\"wp-image-2892\" style=\"width: 250px;\" src=\"http:\/\/wpa.tecnico.ulisboa.pt\/~wpa.daemon\/wp-content\/uploads\/2023\/03\/Panama-grupo.jpg\" alt=\"\" srcset=\"https:\/\/wpa.tecnico.ulisboa.pt\/~wpa.daemon\/wp-content\/uploads\/2023\/03\/Panama-grupo.jpg 1024w, https:\/\/wpa.tecnico.ulisboa.pt\/~wpa.daemon\/wp-content\/uploads\/2023\/03\/Panama-grupo-300x190.jpg 300w, https:\/\/wpa.tecnico.ulisboa.pt\/~wpa.daemon\/wp-content\/uploads\/2023\/03\/Panama-grupo-768x486.jpg 768w\" sizes=\"(max-width: 1024px) 100vw, 1024px\" \/><\/td><td class=\"has-text-align-center\" data-align=\"center\"><img src=\"http:\/\/wpa.tecnico.ulisboa.pt\/~wpa.daemon\/wp-content\/uploads\/2023\/03\/panama-3.jpg\" alt=\"\" style=\"width: 250px;\"><\/td><td class=\"has-text-align-center\" data-align=\"center\"><img src=\"http:\/\/wpa.tecnico.ulisboa.pt\/~wpa.daemon\/wp-content\/uploads\/2023\/03\/panama-4.jpg\" alt=\"\" style=\"width: 250px;\"><\/td><td class=\"has-text-align-center\" data-align=\"center\"><img loading=\"lazy\" width=\"1024\" height=\"768\" class=\"wp-image-2880\" style=\"width: 250px;\" src=\"http:\/\/wpa.tecnico.ulisboa.pt\/~wpa.daemon\/wp-content\/uploads\/2023\/03\/panama-8.jpg\" alt=\"\" srcset=\"https:\/\/wpa.tecnico.ulisboa.pt\/~wpa.daemon\/wp-content\/uploads\/2023\/03\/panama-8.jpg 1024w, https:\/\/wpa.tecnico.ulisboa.pt\/~wpa.daemon\/wp-content\/uploads\/2023\/03\/panama-8-300x225.jpg 300w, https:\/\/wpa.tecnico.ulisboa.pt\/~wpa.daemon\/wp-content\/uploads\/2023\/03\/panama-8-768x576.jpg 768w\" sizes=\"(max-width: 1024px) 100vw, 1024px\" \/><\/td><\/tr><\/tbody><\/table><\/figure>\n","protected":false},"excerpt":{"rendered":"<p>World Pendulum Alliance International Conference Panam\u00e1, Outubro 18 &#8211; 20, 2022 https:\/\/utp.ac.pa\/world-pendulum-alliance-international-conference Em colabora\u00e7\u00e3o com VIII IESTEC UTP &#8211; 2022 https:\/\/congreso.utp.ac.pa\/ Reuni\u00e3o Final Apresenta\u00e7\u00f5es Acad\u00eamicas Atividades de Divulga\u00e7\u00e3o Lista de Artigos Acad\u00eamicos Publicado on IEEE Xplore e INDEX IN SCOPUS Atividades de Divulga\u00e7\u00e3o Apresenta\u00e7\u00f5es e Networking<\/p>\n","protected":false},"author":14,"featured_media":0,"parent":0,"menu_order":0,"comment_status":"closed","ping_status":"closed","template":"","meta":[],"_links":{"self":[{"href":"https:\/\/wpa.tecnico.ulisboa.pt\/~wpa.daemon\/wp-json\/wp\/v2\/pages\/2850"}],"collection":[{"href":"https:\/\/wpa.tecnico.ulisboa.pt\/~wpa.daemon\/wp-json\/wp\/v2\/pages"}],"about":[{"href":"https:\/\/wpa.tecnico.ulisboa.pt\/~wpa.daemon\/wp-json\/wp\/v2\/types\/page"}],"author":[{"embeddable":true,"href":"https:\/\/wpa.tecnico.ulisboa.pt\/~wpa.daemon\/wp-json\/wp\/v2\/users\/14"}],"replies":[{"embeddable":true,"href":"https:\/\/wpa.tecnico.ulisboa.pt\/~wpa.daemon\/wp-json\/wp\/v2\/comments?post=2850"}],"version-history":[{"count":4,"href":"https:\/\/wpa.tecnico.ulisboa.pt\/~wpa.daemon\/wp-json\/wp\/v2\/pages\/2850\/revisions"}],"predecessor-version":[{"id":2964,"href":"https:\/\/wpa.tecnico.ulisboa.pt\/~wpa.daemon\/wp-json\/wp\/v2\/pages\/2850\/revisions\/2964"}],"wp:attachment":[{"href":"https:\/\/wpa.tecnico.ulisboa.pt\/~wpa.daemon\/wp-json\/wp\/v2\/media?parent=2850"}],"curies":[{"name":"wp","href":"https:\/\/api.w.org\/{rel}","templated":true}]}}