{"id":438,"date":"2020-01-23T19:28:59","date_gmt":"2020-01-23T19:28:59","guid":{"rendered":"http:\/\/wpa.tecnico.ulisboa.pt\/~wpa.daemon\/?page_id=438"},"modified":"2022-09-20T16:35:27","modified_gmt":"2022-09-20T16:35:27","slug":"science-dissemination-centers","status":"publish","type":"page","link":"https:\/\/wpa.tecnico.ulisboa.pt\/~wpa.daemon\/science-dissemination-centers\/","title":{"rendered":"Science Dissemination Centers"},"content":{"rendered":"\n<div class=\"bloque_triple_out visible\" style=\"display:none;\">\n\n<div class=\"bloque_triple\">\n<a href=\"http:\/\/wpa.tecnico.ulisboa.pt\/~wpa.daemon\/science-dissemination-centers\/p6-sdc-pilab-universidade-de-brasilia\/\">\n<div class=\"bloque_triple_inside\" style=\"background-image: url('http:\/\/wpa.tecnico.ulisboa.pt\/~wpa.daemon\/wp-content\/uploads\/2021\/08\/PILAB.png')\">\n<h5 class=\"h_triple\">SDC PiLab UnB<\/h5>\n<\/div>\n<\/a>\n<\/div>\n\n<div class=\"bloque_triple\">\n<a href=\"http:\/\/wpa.tecnico.ulisboa.pt\/~wpa.daemon\/science-dissemination-centers\/p8-sdc-puc\/\">\n<div class=\"bloque_triple_inside\" style=\"background-image: url('http:\/\/wpa.tecnico.ulisboa.pt\/~wpa.daemon\/wp-content\/uploads\/2021\/08\/PUC.jpg')\">\n<h5 class=\"h_triple\">SDC PUC<\/h5>\n<\/div>\n<\/a>\n<\/div>\n\n\n<div class=\"bloque_triple\">\n<a href=\"https:\/\/wpa.tecnico.ulisboa.pt\/~wpa.daemon\/sdc-university-of-chile\/\">\n<div class=\"bloque_triple_inside\" style=\"background-image: url('http:\/\/wpa.tecnico.ulisboa.pt\/~wpa.daemon\/wp-content\/uploads\/2022\/08\/EdV-2.png')\">\n<h5 class=\"h_triple\">Escuela de Verano para estudiantes de Educaci\u00f3n B\u00e1sica y Media \u2013 Universidad de Chile<\/h5>\n<\/div>\n<\/a>\n<\/div>\n\n\n<div class=\"bloque_triple\">\n<a href=\"http:\/\/wpa.tecnico.ulisboa.pt\/~wpa.daemon\/science-dissemination-centers\/sdc-utfsm-fisica-en-accion-museo-de-ciencia-y-tecnologia-de-valparaiso\/\">\n<div class=\"bloque_triple_inside\" style=\"background-image: url('http:\/\/wpa.tecnico.ulisboa.pt\/~wpa.daemon\/wp-content\/uploads\/2021\/08\/Fisica.png')\">\n<h5 class=\"h_triple\">SDC UTFSM F\u00edsica en Acci\u00f3n, Museo de Ciencia y Tecnolog\u00eda de Valpara\u00edso<\/h5>\n<\/div>\n<\/a>\n<\/div>\n\n<div class=\"bloque_triple\">\n<a href=\"http:\/\/wpa.tecnico.ulisboa.pt\/~wpa.daemon\/science-dissemination-centers\/p11-sdc-uniandes\/\">\n<div class=\"bloque_triple_inside\" style=\"background-image: url('http:\/\/wpa.tecnico.ulisboa.pt\/~wpa.daemon\/wp-content\/uploads\/2021\/08\/cdc.png')\">\n<h5 class=\"h_triple\">SDC Uniandes<\/h5>\n<\/div>\n<\/a>\n<\/div>\n\n<div class=\"bloque_triple\">\n<a href=\"http:\/\/wpa.tecnico.ulisboa.pt\/~wpa.daemon\/science-dissemination-centers\/p12-sdc-reex-unad\/\">\n<div class=\"bloque_triple_inside\" style=\"background-image: url('http:\/\/wpa.tecnico.ulisboa.pt\/~wpa.daemon\/wp-content\/uploads\/2021\/08\/UNAD.jpg')\">\n<h5 class=\"h_triple\">SDC ReEx UNAD<\/h5>\n<\/div>\n<\/a>\n<\/div>\n\n<div class=\"bloque_triple\">\n<a href=\"http:\/\/wpa.tecnico.ulisboa.pt\/~wpa.daemon\/science-dissemination-centers\/p13-sdc-utp\">\n<div class=\"bloque_triple_inside\" style=\"background-image: url('http:\/\/wpa.tecnico.ulisboa.pt\/~wpa.daemon\/wp-content\/uploads\/2021\/08\/UTP-2.png')\">\n<h5 class=\"h_triple\">SDC UTP<\/h5>\n<\/div>\n<\/a>\n<\/div>\n\n<div class=\"bloque_triple\">\n<a href=\"http:\/\/wpa.tecnico.ulisboa.pt\/~wpa.daemon\/science-dissemination-centers\/p14-sdc-usma\/\">\n<div class=\"bloque_triple_inside\" style=\"background-image: url('http:\/\/wpa.tecnico.ulisboa.pt\/~wpa.daemon\/wp-content\/uploads\/2021\/08\/CDC-USMA.png')\">\n<h5 class=\"h_triple\">CDC USMA<\/h5>\n<\/div>\n<\/a>\n<\/div>\n\n<div class=\"bloque_triple\">\n<a href=\"https:\/\/cdc.uesc.br\/\">\n<div class=\"bloque_triple_inside\" style=\"background-image: url('http:\/\/wpa.tecnico.ulisboa.pt\/~wpa.daemon\/wp-content\/uploads\/2022\/07\/cdc_uesc.jpeg')\">\n<h5 class=\"h_triple\">SDC UESC<\/h5>\n<\/div>\n\n\n<\/a><\/div><\/div>\n\n\n","protected":false},"excerpt":{"rendered":"<p>SDC PiLab UnB SDC PUC Escuela de Verano para estudiantes de Educaci\u00f3n B\u00e1sica y Media \u2013 Universidad de Chile SDC UTFSM F\u00edsica en Acci\u00f3n, Museo de Ciencia y Tecnolog\u00eda de Valpara\u00edso SDC Uniandes SDC ReEx UNAD SDC UTP CDC USMA SDC UESC<\/p>\n","protected":false},"author":14,"featured_media":0,"parent":0,"menu_order":0,"comment_status":"closed","ping_status":"closed","template":"","meta":[],"_links":{"self":[{"href":"https:\/\/wpa.tecnico.ulisboa.pt\/~wpa.daemon\/wp-json\/wp\/v2\/pages\/438"}],"collection":[{"href":"https:\/\/wpa.tecnico.ulisboa.pt\/~wpa.daemon\/wp-json\/wp\/v2\/pages"}],"about":[{"href":"https:\/\/wpa.tecnico.ulisboa.pt\/~wpa.daemon\/wp-json\/wp\/v2\/types\/page"}],"author":[{"embeddable":true,"href":"https:\/\/wpa.tecnico.ulisboa.pt\/~wpa.daemon\/wp-json\/wp\/v2\/users\/14"}],"replies":[{"embeddable":true,"href":"https:\/\/wpa.tecnico.ulisboa.pt\/~wpa.daemon\/wp-json\/wp\/v2\/comments?post=438"}],"version-history":[{"count":24,"href":"https:\/\/wpa.tecnico.ulisboa.pt\/~wpa.daemon\/wp-json\/wp\/v2\/pages\/438\/revisions"}],"predecessor-version":[{"id":2716,"href":"https:\/\/wpa.tecnico.ulisboa.pt\/~wpa.daemon\/wp-json\/wp\/v2\/pages\/438\/revisions\/2716"}],"wp:attachment":[{"href":"https:\/\/wpa.tecnico.ulisboa.pt\/~wpa.daemon\/wp-json\/wp\/v2\/media?parent=438"}],"curies":[{"name":"wp","href":"https:\/\/api.w.org\/{rel}","templated":true}]}}