{"id":496,"date":"2020-01-29T16:33:05","date_gmt":"2020-01-29T16:33:05","guid":{"rendered":"http:\/\/wpa.tecnico.ulisboa.pt\/~wpa.daemon\/?page_id=496"},"modified":"2021-08-05T16:11:45","modified_gmt":"2021-08-05T16:11:45","slug":"hei-partners","status":"publish","type":"page","link":"https:\/\/wpa.tecnico.ulisboa.pt\/~wpa.daemon\/hei-partners\/","title":{"rendered":"Latin-American Partners"},"content":{"rendered":"\n<div class=\"bloque_triple_out visible\" style=\"display:none;\">\n\n<div class=\"bloque_triple\">\n<a href=\"http:\/\/wpa.tecnico.ulisboa.pt\/~wpa.daemon\/hei-partners\/p6-fundacao-universidade-de-brasilia-unb\/\">\n<div class=\"bloque_triple_inside\" style=\"background-image: url('http:\/\/wpa.tecnico.ulisboa.pt\/~wpa.daemon\/wp-content\/uploads\/2021\/08\/UNB.jpg')\">\n<h5 class=\"h_triple\">Fundaci\u00f3n Universidad de Brasilia (UnB)<\/h5>\n<\/div>\n<\/a>\n<\/div>\n\n<div class=\"bloque_triple\">\n<a href=\"http:\/\/wpa.tecnico.ulisboa.pt\/~wpa.daemon\/p7-universidade-estadual-de-santa-cruz-uesc\/\">\n<div class=\"bloque_triple_inside\" style=\"background-image: url('http:\/\/wpa.tecnico.ulisboa.pt\/~wpa.daemon\/wp-content\/uploads\/2021\/08\/UESC.jpg')\">\n<h5 class=\"h_triple\">Universidad Estatal de Santa Cruz (UESC)<\/h5>\n<\/div>\n<\/a>\n<\/div>\n\n\n\n<div class=\"bloque_triple\">\n<a href=\"http:\/\/wpa.tecnico.ulisboa.pt\/~wpa.daemon\/p8-pontificia-universidade-catolica-do-rio-de-janeiro-puc-rio\/\">\n<div class=\"bloque_triple_inside\" style=\"background-image: url('http:\/\/wpa.tecnico.ulisboa.pt\/~wpa.daemon\/wp-content\/uploads\/2021\/08\/PUC.jpg')\">\n<h5 class=\"h_triple\">Pontificia Universidad Cat\u00f3lica do Rio De Janeiro (PUC RIO)<\/h5>\n<\/div>\n<\/a>\n<\/div>\n\n<div class=\"bloque_triple\">\n<a href=\"http:\/\/wpa.tecnico.ulisboa.pt\/~wpa.daemon\/p9-universidad-de-chile-uc\/\">\n<div class=\"bloque_triple_inside\" style=\"background-image: url('http:\/\/wpa.tecnico.ulisboa.pt\/~wpa.daemon\/wp-content\/uploads\/2021\/08\/UC.jpg')\">\n<h5 class=\"h_triple\">Universidad de Chile (UC)<\/h5>\n<\/div>\n<\/a>\n<\/div>\n\n<div class=\"bloque_triple\">\n<a href=\"http:\/\/wpa.tecnico.ulisboa.pt\/~wpa.daemon\/p10-universidad-tecnica-federico-santa-maria-utfsm\/\">\n<div class=\"bloque_triple_inside\" style=\"background-image: url('http:\/\/wpa.tecnico.ulisboa.pt\/~wpa.daemon\/wp-content\/uploads\/2021\/08\/UTFSM.jpg')\">\n<h5 class=\"h_triple\">Universidad T\u00e9cnica Federico Santa Mar\u00eda (UTFSM)<\/h5>\n<\/div>\n<\/a>\n<\/div>\n\n\n<div class=\"bloque_triple\">\n<a href=\"http:\/\/wpa.tecnico.ulisboa.pt\/~wpa.daemon\/p11-universidad-de-los-andes-fundacion-uniandes\/\">\n<div class=\"bloque_triple_inside\" style=\"background-image: url('http:\/\/wpa.tecnico.ulisboa.pt\/~wpa.daemon\/wp-content\/uploads\/2021\/08\/UNIANDES.jpg')\">\n<h5 class=\"h_triple\">Universidad de Los Andes (UNIANDES)<\/h5>\n<\/div>\n<\/a>\n<\/div>\n\n\n<div class=\"bloque_triple\">\n<a href=\"http:\/\/wpa.tecnico.ulisboa.pt\/~wpa.daemon\/p12-universidad-nacional-abierta-y-a-distancia-colombia-unad\/\">\n<div class=\"bloque_triple_inside\" style=\"background-image: url('http:\/\/wpa.tecnico.ulisboa.pt\/~wpa.daemon\/wp-content\/uploads\/2021\/08\/UNAD.jpg')\">\n<h5 class=\"h_triple\">Universidad Nacional Abierta y a Distancia Colombia (UNAD)<\/h5>\n<\/div>\n<\/a>\n<\/div>\n\n\n<div class=\"bloque_triple\">\n<a href=\"http:\/\/wpa.tecnico.ulisboa.pt\/~wpa.daemon\/p13-universidad-tecnologica-de-panama-utp\/\">\n<div class=\"bloque_triple_inside\" style=\"background-image: url('http:\/\/wpa.tecnico.ulisboa.pt\/~wpa.daemon\/wp-content\/uploads\/2021\/08\/UTP.jpg')\">\n<h5 class=\"h_triple\">Universidad Tecnol\u00f3gica de Panam\u00e1 (UTP)<\/h5>\n<\/div>\n<\/a>\n<\/div>\n\n<div class=\"bloque_triple\">\n<a href=\"http:\/\/wpa.tecnico.ulisboa.pt\/~wpa.daemon\/p14-universidad-catolica-santa-maria-la-antigua-usma\/\">\n<div class=\"bloque_triple_inside\" style=\"background-image: url('http:\/\/wpa.tecnico.ulisboa.pt\/~wpa.daemon\/wp-content\/uploads\/2021\/08\/USMA.jpg')\">\n<h5 class=\"h_triple\">Universidad Catolica Santa Maria La Antigua (USMA).<\/h5>\n<\/div>\n<\/a>\n<\/div>\n\n\n<\/div>\n\n\n\n<p><\/p>\n","protected":false},"excerpt":{"rendered":"<p>Fundaci\u00f3n Universidad de Brasilia (UnB) Universidad Estatal de Santa Cruz (UESC) Pontificia Universidad Cat\u00f3lica do Rio De Janeiro (PUC RIO) Universidad de Chile (UC) Universidad T\u00e9cnica Federico Santa Mar\u00eda (UTFSM) Universidad de Los Andes (UNIANDES) Universidad Nacional Abierta y a Distancia Colombia (UNAD) Universidad Tecnol\u00f3gica de Panam\u00e1 (UTP) Universidad Catolica Santa Maria La Antigua (USMA).<\/p>\n","protected":false},"author":14,"featured_media":0,"parent":0,"menu_order":0,"comment_status":"closed","ping_status":"closed","template":"","meta":[],"_links":{"self":[{"href":"https:\/\/wpa.tecnico.ulisboa.pt\/~wpa.daemon\/wp-json\/wp\/v2\/pages\/496"}],"collection":[{"href":"https:\/\/wpa.tecnico.ulisboa.pt\/~wpa.daemon\/wp-json\/wp\/v2\/pages"}],"about":[{"href":"https:\/\/wpa.tecnico.ulisboa.pt\/~wpa.daemon\/wp-json\/wp\/v2\/types\/page"}],"author":[{"embeddable":true,"href":"https:\/\/wpa.tecnico.ulisboa.pt\/~wpa.daemon\/wp-json\/wp\/v2\/users\/14"}],"replies":[{"embeddable":true,"href":"https:\/\/wpa.tecnico.ulisboa.pt\/~wpa.daemon\/wp-json\/wp\/v2\/comments?post=496"}],"version-history":[{"count":7,"href":"https:\/\/wpa.tecnico.ulisboa.pt\/~wpa.daemon\/wp-json\/wp\/v2\/pages\/496\/revisions"}],"predecessor-version":[{"id":1970,"href":"https:\/\/wpa.tecnico.ulisboa.pt\/~wpa.daemon\/wp-json\/wp\/v2\/pages\/496\/revisions\/1970"}],"wp:attachment":[{"href":"https:\/\/wpa.tecnico.ulisboa.pt\/~wpa.daemon\/wp-json\/wp\/v2\/media?parent=496"}],"curies":[{"name":"wp","href":"https:\/\/api.w.org\/{rel}","templated":true}]}}